{"id":6,"date":"2022-12-13T16:09:49","date_gmt":"2022-12-13T21:09:49","guid":{"rendered":"https:\/\/firecloud.com.co\/?page_id=6"},"modified":"2023-08-24T12:21:45","modified_gmt":"2023-08-24T17:21:45","slug":"crea-tu-web-con-bloques","status":"publish","type":"page","link":"https:\/\/firecloud.com.co\/","title":{"rendered":"Nuestros Servicios"},"content":{"rendered":"\t\t<div data-elementor-type=\"wp-page\" data-elementor-id=\"6\" class=\"elementor elementor-6\">\n\t\t\t\t\t\t\t\t\t<section class=\"elementor-section elementor-top-section elementor-element elementor-element-cb98c64 elementor-section-boxed elementor-section-height-default elementor-section-height-default\" data-id=\"cb98c64\" data-element_type=\"section\">\n\t\t\t\t\t\t<div class=\"elementor-container elementor-column-gap-default\">\n\t\t\t\t\t<div class=\"elementor-column elementor-col-33 elementor-top-column elementor-element elementor-element-e8b1ed6\" data-id=\"e8b1ed6\" data-element_type=\"column\">\n\t\t\t<div class=\"elementor-widget-wrap elementor-element-populated\">\n\t\t\t\t\t\t\t\t<div class=\"elementor-element elementor-element-8e8f4ab elementor-widget elementor-widget-image\" data-id=\"8e8f4ab\" data-element_type=\"widget\" data-widget_type=\"image.default\">\n\t\t\t\t<div class=\"elementor-widget-container\">\n\t\t\t<style>\/*! elementor - v3.15.0 - 20-08-2023 *\/\n.elementor-widget-image{text-align:center}.elementor-widget-image a{display:inline-block}.elementor-widget-image a img[src$=\".svg\"]{width:48px}.elementor-widget-image img{vertical-align:middle;display:inline-block}<\/style>\t\t\t\t\t\t\t\t\t\t\t\t<img decoding=\"async\" src=\"https:\/\/firecloud.com.co\/wp-content\/plugins\/elementor\/assets\/images\/placeholder.png\" title=\"\" alt=\"\" loading=\"lazy\" \/>\t\t\t\t\t\t\t\t\t\t\t\t\t\t\t<\/div>\n\t\t\t\t<\/div>\n\t\t\t\t\t<\/div>\n\t\t<\/div>\n\t\t\t\t<div class=\"elementor-column elementor-col-33 elementor-top-column elementor-element elementor-element-c908ee1\" data-id=\"c908ee1\" data-element_type=\"column\">\n\t\t\t<div class=\"elementor-widget-wrap elementor-element-populated\">\n\t\t\t\t\t\t\t\t<div class=\"elementor-element elementor-element-a769edd elementor-widget elementor-widget-image\" data-id=\"a769edd\" data-element_type=\"widget\" data-widget_type=\"image.default\">\n\t\t\t\t<div class=\"elementor-widget-container\">\n\t\t\t\t\t\t\t\t\t\t\t\t\t\t\t<img decoding=\"async\" src=\"https:\/\/firecloud.com.co\/wp-content\/plugins\/elementor\/assets\/images\/placeholder.png\" title=\"\" alt=\"\" loading=\"lazy\" \/>\t\t\t\t\t\t\t\t\t\t\t\t\t\t\t<\/div>\n\t\t\t\t<\/div>\n\t\t\t\t\t<\/div>\n\t\t<\/div>\n\t\t\t\t<div class=\"elementor-column elementor-col-33 elementor-top-column elementor-element elementor-element-f7081bc\" data-id=\"f7081bc\" data-element_type=\"column\">\n\t\t\t<div class=\"elementor-widget-wrap elementor-element-populated\">\n\t\t\t\t\t\t\t\t<div class=\"elementor-element elementor-element-f8f22c5 elementor-widget elementor-widget-image\" data-id=\"f8f22c5\" data-element_type=\"widget\" data-widget_type=\"image.default\">\n\t\t\t\t<div class=\"elementor-widget-container\">\n\t\t\t\t\t\t\t\t\t\t\t\t\t\t\t<img decoding=\"async\" src=\"https:\/\/firecloud.com.co\/wp-content\/plugins\/elementor\/assets\/images\/placeholder.png\" title=\"\" alt=\"\" loading=\"lazy\" \/>\t\t\t\t\t\t\t\t\t\t\t\t\t\t\t<\/div>\n\t\t\t\t<\/div>\n\t\t\t\t\t<\/div>\n\t\t<\/div>\n\t\t\t\t\t\t\t<\/div>\n\t\t<\/section>\n\t\t\t\t<section class=\"elementor-section elementor-top-section elementor-element elementor-element-53a391eb elementor-section-boxed elementor-section-height-default elementor-section-height-default\" data-id=\"53a391eb\" data-element_type=\"section\">\n\t\t\t\t\t\t<div class=\"elementor-container elementor-column-gap-default\">\n\t\t\t\t\t<div class=\"elementor-column elementor-col-100 elementor-top-column elementor-element elementor-element-365a242e\" data-id=\"365a242e\" data-element_type=\"column\">\n\t\t\t<div class=\"elementor-widget-wrap elementor-element-populated\">\n\t\t\t\t\t\t\t\t<div class=\"elementor-element elementor-element-43d669e7 elementor-widget elementor-widget-text-editor\" data-id=\"43d669e7\" data-element_type=\"widget\" data-widget_type=\"text-editor.default\">\n\t\t\t\t<div class=\"elementor-widget-container\">\n\t\t\t<style>\/*! elementor - v3.15.0 - 20-08-2023 *\/\n.elementor-widget-text-editor.elementor-drop-cap-view-stacked .elementor-drop-cap{background-color:#69727d;color:#fff}.elementor-widget-text-editor.elementor-drop-cap-view-framed .elementor-drop-cap{color:#69727d;border:3px solid;background-color:transparent}.elementor-widget-text-editor:not(.elementor-drop-cap-view-default) .elementor-drop-cap{margin-top:8px}.elementor-widget-text-editor:not(.elementor-drop-cap-view-default) .elementor-drop-cap-letter{width:1em;height:1em}.elementor-widget-text-editor .elementor-drop-cap{float:left;text-align:center;line-height:1;font-size:50px}.elementor-widget-text-editor .elementor-drop-cap-letter{display:inline-block}<\/style>\t\t\t\t<p><!-- wp:heading {\"align\":\"wide\",\"style\":{\"typography\":{\"lineHeight\":\"1.1\"}},\"className\":\"has-text-align-wide\",\"fontSize\":\"gigantic\"} --><\/p>\n<p><strong>NUESTROS SERVICIOS<\/strong><\/p>\n<p><!-- \/wp:heading --><!-- wp:spacer --><\/p>\n<div style=\"height: 100px;\" aria-hidden=\"true\" class=\"wp-block-spacer\"><br \/><br \/><br \/><\/div>\n<div class=\"wp-block-columns alignwide are-vertically-aligned-top\">\n<div class=\"wp-block-column is-vertically-aligned-top\">\n<p><!-- wp:heading {\"level\":3} --><\/p>\n<h3>A\u00f1adir patrones de bloques<\/h3>\n<p><!-- \/wp:heading --><!-- wp:paragraph --><\/p>\n<p>Los patrones de bloques son grupos de bloques predise\u00f1ados. Para a\u00f1adir uno, selecciona el bot\u00f3n \u00abA\u00f1adir bloque [+]\u00bb en la barra de herramientas de la parte superior del editor. Cambia a la pesta\u00f1a \u00abPatrones\u00bb debajo de la barra de b\u00fasqueda y elige un patr\u00f3n.<\/p>\n<p><!-- \/wp:paragraph --><\/p>\n<\/div>\n<p><!-- \/wp:column --><!-- wp:column {\"verticalAlignment\":\"top\"} --><\/p>\n<div class=\"wp-block-column is-vertically-aligned-top\">\n<p><!-- wp:heading {\"level\":3} --><\/p>\n<h3>Enmarca tus im\u00e1genes<\/h3>\n<p><!-- \/wp:heading --><!-- wp:paragraph --><\/p>\n<p>Twenty Twenty-One incluye bordes elegantes para tu contenido. Al seleccionar un bloque de imagen, abre el panel \u00abEstilos\u00bb dentro de la barra lateral del editor. Selecciona el estilo de bloque \u00abMarco\u00bb para activarlo.<\/p>\n<p><!-- \/wp:paragraph --><\/p>\n<\/div>\n<p><!-- \/wp:column --><!-- wp:column {\"verticalAlignment\":\"top\"} --><\/p>\n<div class=\"wp-block-column is-vertically-aligned-top\">\n<p><!-- wp:heading {\"level\":3} --><\/p>\n<h3>Columnas superpuestas<\/h3>\n<p><!-- \/wp:heading --><!-- wp:paragraph --><\/p>\n<p>Twenty Twenty-One tambi\u00e9n incluye un estilo de superposici\u00f3n para bloques de columnas. Al seleccionar un bloque de columnas, abre el panel \u00abEstilos\u00bb de la barra lateral del editor. Elige el estilo de bloque \u00abSuperposici\u00f3n\u00bb para probarlo.<\/p>\n<p><!-- \/wp:paragraph --><\/p>\n<\/div>\n<p><!-- \/wp:column --><\/p>\n<\/div>\n<p><!-- \/wp:columns --><!-- wp:spacer --><\/p>\n<div style=\"height: 100px;\" aria-hidden=\"true\" class=\"wp-block-spacer\"><\/div>\n<p><!-- \/wp:spacer --><!-- wp:cover {\"overlayColor\":\"green\",\"contentPosition\":\"center center\",\"isDark\":false,\"align\":\"wide\",\"className\":\"is-style-twentytwentyone-border\"} --><\/p>\n<div class=\"wp-block-cover alignwide is-light is-style-twentytwentyone-border\">\n<p><span aria-hidden=\"true\" class=\"wp-block-cover__background has-green-background-color has-background-dim-100 has-background-dim\"><\/span><\/p>\n<div class=\"wp-block-cover__inner-container\">\n<p><!-- wp:spacer {\"height\":\"20px\"} --><\/p>\n<div style=\"height: 20px;\" aria-hidden=\"true\" class=\"wp-block-spacer\"><\/div>\n<p><!-- \/wp:spacer --><!-- wp:paragraph {\"fontSize\":\"huge\"} --><\/p>\n<p class=\"has-huge-font-size\">\u00bfNecesitas ayuda?<\/p>\n<p><!-- \/wp:paragraph --><!-- wp:spacer {\"height\":\"75px\"} --><\/p>\n<div style=\"height: 75px;\" aria-hidden=\"true\" class=\"wp-block-spacer\"><\/div>\n<p><!-- \/wp:spacer --><!-- wp:columns --><\/p>\n<div class=\"wp-block-columns\">\n<p><!-- wp:column --><\/p>\n<div class=\"wp-block-column\">\n<p><!-- wp:paragraph --><\/p>\n<p><a href=\"https:\/\/wordpress.org\/support\/article\/twenty-twenty-one\/\">Lee la documentaci\u00f3n del tema<\/a><\/p>\n<p><!-- \/wp:paragraph --><\/p>\n<\/div>\n<p><!-- \/wp:column --><!-- wp:column --><\/p>\n<div class=\"wp-block-column\">\n<p><!-- wp:paragraph --><\/p>\n<p><a href=\"https:\/\/wordpress.org\/support\/theme\/twentytwentyone\/\">Echa un vistazo a los foros de soporte<\/a><\/p>\n<p><!-- \/wp:paragraph --><\/p>\n<\/div>\n<p><!-- \/wp:column --><\/p>\n<\/div>\n<p><!-- \/wp:columns --><!-- wp:spacer {\"height\":\"20px\"} --><\/p>\n<div style=\"height: 20px;\" aria-hidden=\"true\" class=\"wp-block-spacer\"><\/div>\n<p><!-- \/wp:spacer --><\/p>\n<\/div>\n<\/div>\n<p><!-- \/wp:cover --><\/p>\t\t\t\t\t\t<\/div>\n\t\t\t\t<\/div>\n\t\t\t\t\t<\/div>\n\t\t<\/div>\n\t\t\t\t\t\t\t<\/div>\n\t\t<\/section>\n\t\t\t\t\t\t\t<\/div>\n\t\t","protected":false},"excerpt":{"rendered":"<p>Algunos de los servicios que ofrecemos son los siguientes: Dise\u00f1o y arquitectura de sistemas en la nube: Dise\u00f1o e implementaci\u00f3n de soluciones en la nube que sean escalables, seguras y eficientes. Administraci\u00f3n de sistemas en la nube: Gesti\u00f3n y mantenimiento de servicios en la nube con el fin de garantizar [&hellip;]<\/p>\n","protected":false},"author":1,"featured_media":0,"parent":0,"menu_order":0,"comment_status":"closed","ping_status":"closed","template":"","meta":[],"_links":{"self":[{"href":"https:\/\/firecloud.com.co\/index.php\/wp-json\/wp\/v2\/pages\/6"}],"collection":[{"href":"https:\/\/firecloud.com.co\/index.php\/wp-json\/wp\/v2\/pages"}],"about":[{"href":"https:\/\/firecloud.com.co\/index.php\/wp-json\/wp\/v2\/types\/page"}],"author":[{"embeddable":true,"href":"https:\/\/firecloud.com.co\/index.php\/wp-json\/wp\/v2\/users\/1"}],"replies":[{"embeddable":true,"href":"https:\/\/firecloud.com.co\/index.php\/wp-json\/wp\/v2\/comments?post=6"}],"version-history":[{"count":16,"href":"https:\/\/firecloud.com.co\/index.php\/wp-json\/wp\/v2\/pages\/6\/revisions"}],"predecessor-version":[{"id":118,"href":"https:\/\/firecloud.com.co\/index.php\/wp-json\/wp\/v2\/pages\/6\/revisions\/118"}],"wp:attachment":[{"href":"https:\/\/firecloud.com.co\/index.php\/wp-json\/wp\/v2\/media?parent=6"}],"curies":[{"name":"wp","href":"https:\/\/api.w.org\/{rel}","templated":true}]}}